{"id":248,"date":"2022-03-21T08:04:20","date_gmt":"2022-03-21T08:04:20","guid":{"rendered":"https:\/\/www.tramitigestio.es\/?page_id=248"},"modified":"2022-03-21T08:14:53","modified_gmt":"2022-03-21T08:14:53","slug":"contacto-kit-digital","status":"publish","type":"page","link":"https:\/\/www.tramitigestio.es\/index.php\/contacto-kit-digital\/","title":{"rendered":"Contacto Kit Digital"},"content":{"rendered":"<p>[vc_section el_id=&#8221;services&#8221;][vc_row][vc_column width=&#8221;1\/3&#8243;]<div class=\"service-single service-style-2 res-margin wow fadeInUp\" data-wow-offset=\"10\" data-wow-duration=\"1s\" data-wow-delay=\"0s\">\r\n\t\t\t\t\t<div class=\"icon icon-basic-mail\"><\/div>\r\n\t\t\t\t\t<h5>Correo electr\u00f3nico<\/h5>\r\n\t\t\t\t\t<p>Envianos un email<br \/>\n<a href=\"mailto:info@tramitigestio.es\">info@tramitigestio.es<\/a><\/p>\r\n\t\t\t\t<\/div>[\/vc_column][vc_column width=&#8221;1\/3&#8243;]<div class=\"service-single service-style-2 res-margin wow fadeInUp\" data-wow-offset=\"10\" data-wow-duration=\"1s\" data-wow-delay=\"0.3s\">\r\n\t\t\t\t\t<div class=\"icon icon-basic-geolocalize-05\"><\/div>\r\n\t\t\t\t\t<h5>Direcci\u00f3n<\/h5>\r\n\t\t\t\t\t<p>C\/ Navarra n\u00ba 7<br \/>\n07800 Eivissa, Illes Balears<\/p>\r\n\t\t\t\t<\/div>[\/vc_column][vc_column width=&#8221;1\/3&#8243;]<div class=\"service-single service-style-2 res-margin wow fadeInUp\" data-wow-offset=\"10\" data-wow-duration=\"1s\" data-wow-delay=\"0.6s\">\r\n\t\t\t\t\t<div class=\"icon icon-basic-headset\"><\/div>\r\n\t\t\t\t\t<h5>Tel\u00e9fono<\/h5>\r\n\t\t\t\t\t<p>Ll\u00e1manos de 8:00 a 16:00 h al 971302067<\/p>\r\n\t\t\t\t<\/div>[\/vc_column][\/vc_row][vc_row][vc_column][vc_single_image image=&#8221;213&#8243; img_size=&#8221;full&#8221; alignment=&#8221;center&#8221;][\/vc_column][\/vc_row][\/vc_section][vc_section el_id=&#8221;contact&#8221;][vc_row][vc_column width=&#8221;1\/2&#8243;]<div class=\"section-title text-center text-lg-start \"><h3>\u00bfEn que podemos ayudarte?<\/h3><p>Te ayudamos en todas las fases de implementaci\u00f3n de tu soluci\u00f3n digital para que sea un \u00e9xito. Contacta con nosotros.<\/p><\/div><div class=\"contact-info res-margin\" ><h5><span class=\"icon icon-basic-smartphone\"><\/span> Tel\u00e9fono<\/h5>\r\n                <p>971 30 20 67<\/p><h5><span class=\"icon icon-basic-clock\"><\/span> Horario comercial<\/h5>\r\n                <p>08:00h a 16:00h<\/p><\/div>[\/vc_column][vc_column width=&#8221;1\/2&#8243;]<div role=\"form\" class=\"wpcf7\" id=\"wpcf7-f251-o1\" lang=\"en-US\" dir=\"ltr\">\n<div class=\"screen-reader-response\"><p role=\"status\" aria-live=\"polite\" aria-atomic=\"true\"><\/p> <ul><\/ul><\/div>\n<form action=\"\/index.php\/wp-json\/wp\/v2\/pages\/248#wpcf7-f251-o1\" method=\"post\" class=\"wpcf7-form init\" novalidate=\"novalidate\" data-status=\"init\">\n<div style=\"display: none;\">\n<input type=\"hidden\" name=\"_wpcf7\" value=\"251\" \/>\n<input type=\"hidden\" name=\"_wpcf7_version\" value=\"5.5.6\" \/>\n<input type=\"hidden\" name=\"_wpcf7_locale\" value=\"en_US\" \/>\n<input type=\"hidden\" name=\"_wpcf7_unit_tag\" value=\"wpcf7-f251-o1\" \/>\n<input type=\"hidden\" name=\"_wpcf7_container_post\" value=\"0\" \/>\n<input type=\"hidden\" name=\"_wpcf7_posted_data_hash\" value=\"\" \/>\n<input type=\"hidden\" name=\"_wpcf7_recaptcha_response\" value=\"\" \/>\n<\/div>\n<div class=\"row\">\n<div class=\"col-12 col-lg-6\">\n<div class=\"form-group mt-2 mb-3\">\n\t\t\t<span class=\"wpcf7-form-control-wrap your-name\"><input type=\"text\" name=\"your-name\" value=\"\" size=\"40\" class=\"wpcf7-form-control wpcf7-text wpcf7-validates-as-required form-control\" aria-required=\"true\" aria-invalid=\"false\" placeholder=\"Nombre\" \/><\/span>\n\t\t<\/div>\n<\/div>\n<div class=\"col-12 col-lg-6\">\n<div class=\"form-group mt-2 mb-3\">\n\t\t\t<span class=\"wpcf7-form-control-wrap your-email\"><input type=\"email\" name=\"your-email\" value=\"\" size=\"40\" class=\"wpcf7-form-control wpcf7-text wpcf7-email wpcf7-validates-as-required wpcf7-validates-as-email form-control\" aria-required=\"true\" aria-invalid=\"false\" placeholder=\"Email\" \/><\/span>\n\t\t<\/div>\n<\/div>\n<div class=\"col-12 col-lg-6\">\n<div class=\"form-group mt-2 mb-3\">\n\t\t\t<span class=\"wpcf7-form-control-wrap your-phone\"><input type=\"email\" name=\"your-phone\" value=\"\" size=\"40\" class=\"wpcf7-form-control wpcf7-text wpcf7-email wpcf7-validates-as-required wpcf7-validates-as-email form-control\" aria-required=\"true\" aria-invalid=\"false\" placeholder=\"Tel\u00e9fono\" \/><\/span>\n\t\t<\/div>\n<\/div>\n<\/div>\n<div class=\"row\">\n<div class=\"col-12 col-lg-12\">\n<div class=\"form-group mt-2 mb-3\">\n\t\t\t<span class=\"wpcf7-form-control-wrap your-subject\"><input type=\"text\" name=\"your-subject\" value=\"\" size=\"40\" class=\"wpcf7-form-control wpcf7-text wpcf7-validates-as-required form-control\" aria-required=\"true\" aria-invalid=\"false\" placeholder=\"Asunto\" \/><\/span>\n\t\t<\/div>\n<\/div>\n<\/div>\n<div class=\"row\">\n<div class=\"col-12 col-lg-12\">\n<div class=\"form-group mt-2 mb-3\">\nSelecciona tu soluci\u00f3n de Kit Digital<br \/>\n<span class=\"wpcf7-form-control-wrap your-kit\"><select name=\"your-kit\" class=\"wpcf7-form-control wpcf7-select form-control\" aria-invalid=\"false\"><option value=\"Sitio web\">Sitio web<\/option><option value=\"Tienda Virtual\">Tienda Virtual<\/option><option value=\"Reservas Online\">Reservas Online<\/option><option value=\"Gestion de Redes Sociales\">Gestion de Redes Sociales<\/option><option value=\"Gesti\u00f3n de Procesos ERP\">Gesti\u00f3n de Procesos ERP<\/option><option value=\"Gesti\u00f3n de Procesos RESERVAS\">Gesti\u00f3n de Procesos RESERVAS<\/option><option value=\"Gesti\u00f3n de Clientes\">Gesti\u00f3n de Clientes<\/option><option value=\"Servicios de Oficina Virtual\">Servicios de Oficina Virtual<\/option><option value=\"Factura elecr\u00f3nica\">Factura elecr\u00f3nica<\/option><\/select><\/span>\n\t\t<\/div>\n<\/div>\n<\/div>\n<div class=\"row\">\n<div class=\"col-12 col-lg-12\">\n<div class=\"form-group mt-2 mb-3\">\n\t\t\t<span class=\"wpcf7-form-control-wrap your-message\"><textarea name=\"your-message\" cols=\"40\" rows=\"4\" class=\"wpcf7-form-control wpcf7-textarea form-control\" aria-invalid=\"false\" placeholder=\"Mensaje\"><\/textarea><\/span>\n\t\t<\/div>\n<\/div>\n<\/div>\n<div class=\"row\">\n<div class=\"col-12 col-lg-12 mt-2\">\n\t\t<input type=\"submit\" value=\"Enviar mensaje\" class=\"wpcf7-form-control has-spinner wpcf7-submit btn\" \/>\n\t<\/div>\n<\/div>\n<div class=\"wpcf7-response-output\" aria-hidden=\"true\"><\/div><\/form><\/div>[\/vc_column][vc_column][\/vc_column][\/vc_row][\/vc_section][vc_section el_class=&#8221;pt-0 pb-0&#8243; el_id=&#8221;map&#8221;][vc_row full_width=&#8221;stretch_row_content_no_spaces&#8221;][vc_column][\/vc_column][\/vc_row][\/vc_section]<\/p>\n","protected":false},"excerpt":{"rendered":"<p>[vc_section el_id=&#8221;services&#8221;][vc_row][vc_column width=&#8221;1\/3&#8243;][\/vc_column][vc_column width=&#8221;1\/3&#8243;][\/vc_column][vc_column width=&#8221;1\/3&#8243;][\/vc_column][\/vc_row][vc_row][vc_column][vc_single_image image=&#8221;213&#8243; img_size=&#8221;full&#8221; alignment=&#8221;center&#8221;][\/vc_column][\/vc_row][\/vc_section][vc_section el_id=&#8221;contact&#8221;][vc_row][vc_column width=&#8221;1\/2&#8243;][\/vc_column][vc_column width=&#8221;1\/2&#8243;][\/vc_column][vc_column][\/vc_column][\/vc_row][\/vc_section][vc_section el_class=&#8221;pt-0 pb-0&#8243; el_id=&#8221;map&#8221;][vc_row full_width=&#8221;stretch_row_content_no_spaces&#8221;][vc_column][\/vc_column][\/vc_row][\/vc_section]<\/p>\n","protected":false},"author":1,"featured_media":18,"parent":0,"menu_order":0,"comment_status":"closed","ping_status":"closed","template":"","meta":{"footnotes":""},"class_list":["post-248","page","type-page","status-publish","has-post-thumbnail","hentry"],"_links":{"self":[{"href":"https:\/\/www.tramitigestio.es\/index.php\/wp-json\/wp\/v2\/pages\/248","targetHints":{"allow":["GET"]}}],"collection":[{"href":"https:\/\/www.tramitigestio.es\/index.php\/wp-json\/wp\/v2\/pages"}],"about":[{"href":"https:\/\/www.tramitigestio.es\/index.php\/wp-json\/wp\/v2\/types\/page"}],"author":[{"embeddable":true,"href":"https:\/\/www.tramitigestio.es\/index.php\/wp-json\/wp\/v2\/users\/1"}],"replies":[{"embeddable":true,"href":"https:\/\/www.tramitigestio.es\/index.php\/wp-json\/wp\/v2\/comments?post=248"}],"version-history":[{"count":3,"href":"https:\/\/www.tramitigestio.es\/index.php\/wp-json\/wp\/v2\/pages\/248\/revisions"}],"predecessor-version":[{"id":260,"href":"https:\/\/www.tramitigestio.es\/index.php\/wp-json\/wp\/v2\/pages\/248\/revisions\/260"}],"wp:featuredmedia":[{"embeddable":true,"href":"https:\/\/www.tramitigestio.es\/index.php\/wp-json\/wp\/v2\/media\/18"}],"wp:attachment":[{"href":"https:\/\/www.tramitigestio.es\/index.php\/wp-json\/wp\/v2\/media?parent=248"}],"curies":[{"name":"wp","href":"https:\/\/api.w.org\/{rel}","templated":true}]}}